{"id":163,"date":"2018-03-23T11:19:33","date_gmt":"2018-03-23T11:19:33","guid":{"rendered":"http:\/\/swiss-cave-diver.ch\/?page_id=163"},"modified":"2022-04-25T14:20:15","modified_gmt":"2022-04-25T14:20:15","slug":"manual-cavern-diver","status":"publish","type":"page","link":"https:\/\/swiss-cave-diver.ch\/?page_id=163","title":{"rendered":"Manual Cavern Diver"},"content":{"rendered":"<p style=\"text-align: center;\"><em><strong><span style=\"color: #ff0000;\">NEU\u00a0 \u00a0NEU\u00a0 \u00a0NEU\u00a0 \u00a0NEU\u00a0 \u00a0NEU\u00a0 \u00a0NEU\u00a0 \u00a0NEU\u00a0 \u00a0NEU\u00a0 \u00a0NEU\u00a0 \u00a0NEU\u00a0 \u00a0NEU\u00a0 \u00a0NEU\u00a0 \u00a0NEU<\/span><\/strong><\/em><\/p>\n<p style=\"text-align: center;\">Das neu Manual Cavern Diver eingent sich f\u00fcr interessierte Taucherinnen und Taucher welche sich neu mit dem H\u00f6hlentauchen besch\u00e4ftigen wollen.<\/p>\n<p style=\"text-align: center;\"><a href=\"http:\/\/swiss-cave-diver.ch\/wp-content\/uploads\/2014\/03\/Titelseite-5-Auflage-Manual-H\u00e4hlentauchen.jpg\"><br \/><\/a><a href=\"http:\/\/swiss-cave-diver.ch\/wp-content\/uploads\/2018\/03\/Titelpage_Manual-CavernDiving.png\" target=\"_blank\" rel=\"noopener\"><img loading=\"lazy\" decoding=\"async\" class=\"aligncenter wp-image-150 size-medium\" src=\"http:\/\/swiss-cave-diver.ch\/wp-content\/uploads\/2018\/03\/Titelpage_Manual-CavernDiving.png\" alt=\"Titelseite 1-Auflage Manual Cavern Diver\" width=\"209\" height=\"300\" \/><\/a><\/p>\n<p style=\"text-align: left; padding-left: 180px;\">Ausf\u00fchrung 1. Auflage (2018):<br \/>&#8211; Format: A4<br \/>&#8211; Umfang: 106 Seiten<br \/>&#8211; alles 4-farbig<br \/>&#8211; 170 Fotos, Graphiken und Tabellen<br \/>&#8211; Kontrollfragen zu jedem Kapitel<br \/>&#8211; Bindung Drahtspirale<br \/>&#8211; R\u00fcckseite Halbkarton<\/p>\n<p style=\"text-align: center;\">Preis Schweiz : 37.00 CHF (1. Aufl.) pro St\u00fcck exkl. Porto (Paket, B-Post)<\/p>\n<p style=\"text-align: center;\">Preis EU: 37.00 \u20ac\u00a0(1. Aufl.) pro St\u00fcck exkl. Porto (Paket, DPD)<\/p>\n<p style=\"text-align: center;\">Porto: CH: ca. 12.- \/ EU-Raum: ca. 10.- EUR<\/p>\n<p style=\"text-align: center;\">Bei Zahlung mit PayPal werden die Geb\u00fchren dem Kunden belastet.<\/p>\n<p style=\"text-align: center;\"><strong><span style=\"text-align: center;\">Bestellung per\u00a0<\/span><a style=\"text-align: center;\" href=\"mailto:fritz.schatzmann@bluewin.ch\">Mail<\/a><\/strong><\/p>\n\n","protected":false},"excerpt":{"rendered":"<p>NEU\u00a0 \u00a0NEU\u00a0 \u00a0NEU\u00a0 \u00a0NEU\u00a0 \u00a0NEU\u00a0 \u00a0NEU\u00a0 \u00a0NEU\u00a0 \u00a0NEU\u00a0 \u00a0NEU\u00a0 \u00a0NEU\u00a0 \u00a0NEU\u00a0 \u00a0NEU\u00a0 \u00a0NEU Das neu Manual Cavern Diver eingent sich f\u00fcr interessierte Taucherinnen und Taucher welche sich neu mit dem H\u00f6hlentauchen besch\u00e4ftigen wollen. Ausf\u00fchrung 1. Auflage (2018):&#8211; Format: A4&#8211; Umfang: &hellip; <a href=\"https:\/\/swiss-cave-diver.ch\/?page_id=163\">Weiterlesen <span class=\"meta-nav\">&rarr;<\/span><\/a><\/p>\n","protected":false},"author":1,"featured_media":0,"parent":0,"menu_order":3,"comment_status":"closed","ping_status":"closed","template":"","meta":{"footnotes":""},"class_list":["post-163","page","type-page","status-publish","hentry"],"_links":{"self":[{"href":"https:\/\/swiss-cave-diver.ch\/index.php?rest_route=\/wp\/v2\/pages\/163","targetHints":{"allow":["GET"]}}],"collection":[{"href":"https:\/\/swiss-cave-diver.ch\/index.php?rest_route=\/wp\/v2\/pages"}],"about":[{"href":"https:\/\/swiss-cave-diver.ch\/index.php?rest_route=\/wp\/v2\/types\/page"}],"author":[{"embeddable":true,"href":"https:\/\/swiss-cave-diver.ch\/index.php?rest_route=\/wp\/v2\/users\/1"}],"replies":[{"embeddable":true,"href":"https:\/\/swiss-cave-diver.ch\/index.php?rest_route=%2Fwp%2Fv2%2Fcomments&post=163"}],"version-history":[{"count":13,"href":"https:\/\/swiss-cave-diver.ch\/index.php?rest_route=\/wp\/v2\/pages\/163\/revisions"}],"predecessor-version":[{"id":191,"href":"https:\/\/swiss-cave-diver.ch\/index.php?rest_route=\/wp\/v2\/pages\/163\/revisions\/191"}],"wp:attachment":[{"href":"https:\/\/swiss-cave-diver.ch\/index.php?rest_route=%2Fwp%2Fv2%2Fmedia&parent=163"}],"curies":[{"name":"wp","href":"https:\/\/api.w.org\/{rel}","templated":true}]}}