{"id":58,"date":"2014-03-26T21:59:21","date_gmt":"2014-03-26T21:59:21","guid":{"rendered":"http:\/\/swiss-cave-diver.ch\/?page_id=58"},"modified":"2014-03-26T22:21:13","modified_gmt":"2014-03-26T22:21:13","slug":"markers","status":"publish","type":"page","link":"https:\/\/swiss-cave-diver.ch\/?page_id=58","title":{"rendered":"Markers"},"content":{"rendered":"<h1>Markers &amp; Non Directional Markers<\/h1>\n<p>Markers und Richtungspfeile sind kein \u00fcberfl\u00fcssiger Luxus, sondern ein Muss.<\/p>\n<table border=\"0\" cellpadding=\"2\">\n<tbody>\n<tr valign=\"top\">\n<td style=\"width: 220px;\" valign=\"top\">\n<h1 style=\"font-style: normal;\">Markers oder Richtungspfeile<\/h1>\n<p><a href=\"http:\/\/swiss-cave-diver.ch\/wp-content\/uploads\/2014\/03\/P3310012.jpg\"><img loading=\"lazy\" decoding=\"async\" class=\"alignleft size-medium wp-image-60\" style=\"vertical-align: top;\" alt=\"OLYMPUS DIGITAL CAMERA\" src=\"http:\/\/swiss-cave-diver.ch\/wp-content\/uploads\/2014\/03\/P3310012-300x225.jpg\" width=\"200\" height=\"150\" srcset=\"https:\/\/swiss-cave-diver.ch\/wp-content\/uploads\/2014\/03\/P3310012-300x225.jpg 300w, https:\/\/swiss-cave-diver.ch\/wp-content\/uploads\/2014\/03\/P3310012-400x300.jpg 400w, https:\/\/swiss-cave-diver.ch\/wp-content\/uploads\/2014\/03\/P3310012.jpg 640w\" sizes=\"auto, (max-width: 200px) 100vw, 200px\" \/><\/a><\/td>\n<td scope=\"col\" valign=\"top\">&nbsp;<\/p>\n<p>die Markers haben eine L\u00e4nge von 8.7 cm und sind 5.6 cm breit und sind aus weissem Kunststoff.<\/p>\n<p>Preis pro St\u00fcck:\u00a0<b>sFr. 3.00<\/b><\/td>\n<\/tr>\n<tr valign=\"top\">\n<td style=\"width: 220px;\" valign=\"top\">\n<h1 style=\"font-style: normal;\">Markers oder Richtungspfeile<\/h1>\n<p><img loading=\"lazy\" decoding=\"async\" class=\"alignleft size-medium wp-image-61\" style=\"vertical-align: top;\" alt=\"OLYMPUS DIGITAL CAMERA\" src=\"http:\/\/swiss-cave-diver.ch\/wp-content\/uploads\/2014\/03\/P3310013-300x225.jpg\" width=\"200\" height=\"150\" srcset=\"https:\/\/swiss-cave-diver.ch\/wp-content\/uploads\/2014\/03\/P3310013-300x225.jpg 300w, https:\/\/swiss-cave-diver.ch\/wp-content\/uploads\/2014\/03\/P3310013-400x300.jpg 400w, https:\/\/swiss-cave-diver.ch\/wp-content\/uploads\/2014\/03\/P3310013.jpg 640w\" sizes=\"auto, (max-width: 200px) 100vw, 200px\" \/><\/td>\n<td scope=\"col\" valign=\"top\">&nbsp;<\/p>\n<p>die Markers haben eine L\u00e4nge von 8.7 cm und sind 5.6 cm breit und sind aus gelbem Kunststoff.<\/p>\n<p>Preis pro St\u00fcck:\u00a0sFr. 3.00<\/td>\n<\/tr>\n<tr valign=\"top\">\n<td style=\"width: 220px;\" valign=\"top\">\n<h1 style=\"font-style: normal;\">Markers oder Richtungspfeile<\/h1>\n<p><img loading=\"lazy\" decoding=\"async\" class=\"alignleft size-medium wp-image-62\" style=\"vertical-align: top;\" alt=\"OLYMPUS DIGITAL CAMERA\" src=\"http:\/\/swiss-cave-diver.ch\/wp-content\/uploads\/2014\/03\/P3310014-300x225.jpg\" width=\"200\" height=\"150\" srcset=\"https:\/\/swiss-cave-diver.ch\/wp-content\/uploads\/2014\/03\/P3310014-300x225.jpg 300w, https:\/\/swiss-cave-diver.ch\/wp-content\/uploads\/2014\/03\/P3310014-400x300.jpg 400w, https:\/\/swiss-cave-diver.ch\/wp-content\/uploads\/2014\/03\/P3310014.jpg 640w\" sizes=\"auto, (max-width: 200px) 100vw, 200px\" \/><\/td>\n<td scope=\"col\" valign=\"top\">&nbsp;<\/p>\n<p>die Markers haben eine L\u00e4nge von 8.7 cm und sind 5.6 cm breit und sind aus rotem Kunststoff.<\/p>\n<p>Preis pro St\u00fcck:\u00a0sFr. 3.00<\/td>\n<\/tr>\n<tr valign=\"top\">\n<td style=\"width: 220px;\" valign=\"top\">\n<h1 style=\"font-style: normal;\">Non-directional Markers<\/h1>\n<p><img loading=\"lazy\" decoding=\"async\" class=\"alignleft size-medium wp-image-59\" style=\"vertical-align: top;\" alt=\"OLYMPUS DIGITAL CAMERA\" src=\"http:\/\/swiss-cave-diver.ch\/wp-content\/uploads\/2014\/03\/P3310011-300x225.jpg\" width=\"200\" height=\"150\" srcset=\"https:\/\/swiss-cave-diver.ch\/wp-content\/uploads\/2014\/03\/P3310011-300x225.jpg 300w, https:\/\/swiss-cave-diver.ch\/wp-content\/uploads\/2014\/03\/P3310011-400x300.jpg 400w, https:\/\/swiss-cave-diver.ch\/wp-content\/uploads\/2014\/03\/P3310011.jpg 640w\" sizes=\"auto, (max-width: 200px) 100vw, 200px\" \/><\/td>\n<td scope=\"col\" valign=\"top\">&nbsp;<\/p>\n<p>die Non-directional Markers haben einen Durchmesser von ca. 5.5 cm und sind aus weissem Kunststoff.<\/p>\n<p><em>DieseMarker werden nicht richtungweisend eingesetzt.<\/em><\/p>\n<p>Preis pro St\u00fcck:\u00a0sFr. 3.00<\/td>\n<\/tr>\n<\/tbody>\n<\/table>\n<p>Ab 10 Stk. gibt es einen Marker Gratis<\/p>\n<p>Lieferzeiten: 2-3 Tage (sind am Lager)\u00a0<a href=\"mailto:fritz.schatzmann@bluewin.ch?subject=Bestellung%20Markers\" target=\"_blank\">Bestellungen<\/a>\u00a0bitte per Mail<\/p>\n","protected":false},"excerpt":{"rendered":"<p>Markers &amp; Non Directional Markers Markers und Richtungspfeile sind kein \u00fcberfl\u00fcssiger Luxus, sondern ein Muss. Markers oder Richtungspfeile &nbsp; die Markers haben eine L\u00e4nge von 8.7 cm und sind 5.6 cm breit und sind aus weissem Kunststoff. Preis pro St\u00fcck:\u00a0sFr. &hellip; <a href=\"https:\/\/swiss-cave-diver.ch\/?page_id=58\">Weiterlesen <span class=\"meta-nav\">&rarr;<\/span><\/a><\/p>\n","protected":false},"author":1,"featured_media":0,"parent":0,"menu_order":4,"comment_status":"closed","ping_status":"closed","template":"","meta":{"footnotes":""},"class_list":["post-58","page","type-page","status-publish","hentry"],"_links":{"self":[{"href":"https:\/\/swiss-cave-diver.ch\/index.php?rest_route=\/wp\/v2\/pages\/58","targetHints":{"allow":["GET"]}}],"collection":[{"href":"https:\/\/swiss-cave-diver.ch\/index.php?rest_route=\/wp\/v2\/pages"}],"about":[{"href":"https:\/\/swiss-cave-diver.ch\/index.php?rest_route=\/wp\/v2\/types\/page"}],"author":[{"embeddable":true,"href":"https:\/\/swiss-cave-diver.ch\/index.php?rest_route=\/wp\/v2\/users\/1"}],"replies":[{"embeddable":true,"href":"https:\/\/swiss-cave-diver.ch\/index.php?rest_route=%2Fwp%2Fv2%2Fcomments&post=58"}],"version-history":[{"count":19,"href":"https:\/\/swiss-cave-diver.ch\/index.php?rest_route=\/wp\/v2\/pages\/58\/revisions"}],"predecessor-version":[{"id":81,"href":"https:\/\/swiss-cave-diver.ch\/index.php?rest_route=\/wp\/v2\/pages\/58\/revisions\/81"}],"wp:attachment":[{"href":"https:\/\/swiss-cave-diver.ch\/index.php?rest_route=%2Fwp%2Fv2%2Fmedia&parent=58"}],"curies":[{"name":"wp","href":"https:\/\/api.w.org\/{rel}","templated":true}]}}